{"id":38,"date":"2020-07-12T13:57:17","date_gmt":"2020-07-12T13:57:17","guid":{"rendered":"http:\/\/sabine.lisaschmoelzer.at\/?page_id=38"},"modified":"2025-05-20T09:27:54","modified_gmt":"2025-05-20T09:27:54","slug":"akademische-biographie","status":"publish","type":"page","link":"http:\/\/sabineschmoelzer.at\/?page_id=38","title":{"rendered":"Akademische Laufbahn"},"content":{"rendered":"\n<p>Universit\u00e4tsprofessorin f\u00fcr Deutsch als Zweitsprache und Sprachdidaktik an der Universit\u00e4t Graz (seit 2014)<\/p>\n\n\n\n<p>Au\u00dferordentliche Professorin f\u00fcr Sprachlehrforschung und Deutsch als Fremd-\/Zweitsprache an der Universit\u00e4t Graz (2007 &#8211; 2013)<\/p>\n\n\n\n<p>Habilitation und Lehrbefugnis f\u00fcr \u201eSprachlehrforschung und Deutsch als Fremdsprache\u201c (2007) der Universit\u00e4t Graz (Habilitationsschrift: \u201eTextkompetenz und Lernen in der Zweitsprache. Grundlagen und Verfahren der Literalen Didaktik\u201c)<\/p>\n\n\n\n<p>Charlotte-B\u00fchler-Habilitationsstipendium des \u00d6sterreichischen Wissenschaftsfonds FWF (2004 &#8211; 2005)<\/p>\n\n\n\n<p>Assistenzprofessorin am Institut f\u00fcr Germanistik der Universit\u00e4t Graz (2006 &#8211; 2007)<\/p>\n\n\n\n<p>Wissenschaftliche Assistentin am Institut f\u00fcr Germanistik der Universit\u00e4t Graz, Abteilung Germanistische Linguistik\/DaF (1998 &#8211; 2006)<\/p>\n\n\n\n<p>Promotion am Institut f\u00fcr Sprachwissenschaft der Universit\u00e4t Graz (1997), Dissertationsschrift: \u201eInterkulturelles Lernen und Zweitsprachenunterricht&#8221;<\/p>\n\n\n\n<p>Doktorats-Stipendium der Absolventen-Akademiker-Gesellschaft der Universit\u00e4t Graz <\/p>\n\n\n\n<h4>Funktionen <\/h4>\n\n\n\n<p>Sprecherin des Wissenschaftlichen Boards des <a href=\"https:\/\/future-education.uni-graz.at\/de\/\" data-type=\"URL\" data-id=\"https:\/\/future-education.uni-graz.at\/de\/\">Future Education<\/a>\u2013Programms der Universit\u00e4t Graz (seit 2022)<\/p>\n\n\n\n<p>Leiterin des <a href=\"https:\/\/fachdidaktikzentrum-daz.uni-graz.at\/de\/das-zentrum\/wer-wir-sind\/\">Fachdidaktikzentrums Deutsch als Zweitsprache &amp; Sprachliche Bildung<\/a> der Universit\u00e4t Graz (seit 2019) <\/p>\n\n\n\n<p>Leiterin des <a rel=\"noreferrer noopener\" href=\"https:\/\/habilitationsforum-fachdidaktik.uni-graz.at\/de\/\" target=\"_blank\">Habilitationsforums Fachdidaktik &amp; Unterrichtsforschung<\/a> der Universit\u00e4t Graz (seit 2015)<\/p>\n\n\n\n<p>Leiterin des <a rel=\"noreferrer noopener\" href=\"https:\/\/www.uniforlife.at\/de\/weiterbildung\/sprache-kommunikation\/universitaetslehrgaenge\/deutsch-als-fremd-und-zweitsprache\/\" target=\"_blank\">Universit\u00e4tslehrgangs Deutsch als Fremd- und Zweitsprache an der Universit\u00e4t Graz<\/a> (seit 2013)<\/p>\n\n\n\n<p>Sprecherin des internationalen <a rel=\"noreferrer noopener\" href=\"https:\/\/fachdidaktikzentrum-daz.uni-graz.at\/de\/nachwuchsfoerderung\/docnet-dafdaz-didaktik\/\" target=\"_blank\">Doktoratskolloquiums DoC-Net DaF\/DaZ<\/a>, mit Prof. Inci Dirim &amp; Prof. Karen Schramm\/Universit\u00e4t Wien (seit 2015)<\/p>\n\n\n\n<p>Mitglied im <a href=\"https:\/\/www.mercator-institut-sprachfoerderung.de\/de\/institut\/wissenschaftlicher-beirat\/\">wissenschaftlichen Beirat des Mercator-Instituts f\u00fcr Sprachf\u00f6rderung und Deutsch als Zweitsprache<\/a> der Universit\u00e4t zu K\u00f6ln (seit 2013)<\/p>\n\n\n\n<p>Stellvertretende Leiterin des <a href=\"https:\/\/fachdidaktikzentrum-daz.uni-graz.at\/de\/nachwuchsfoerderung\/doktoratsprogramm-sprachdidaktik-sprachlehrforschung\/\">Doktoratsprogramms Sprachdidaktik und Sprachlehr-\/lernforschung<\/a> der Universit\u00e4t Graz (seit 2010)<\/p>\n\n\n\n<p>Mitglied im internationalen <a href=\"https:\/\/web0.fhnw.ch\/plattformen\/zl\/category\/dies\/\">Forschungsverbund d.i.e.S: didaktisch-empirische Schreibforschung<\/a> (seit 2007)<\/p>\n\n\n\n<p>Leiterin des Fachdidaktikzentrums der Geisteswissenschaftlichen Fakult\u00e4t der Universit\u00e4t Graz (2010 &#8211; 2019)<\/p>\n\n\n\n<p>Sprecherin des Forschungsnetzwerks Fachdidaktische Forschung der Universit\u00e4t Graz (2010 &#8211; 2018)<\/p>\n\n\n\n<p>Leiterin des Regionalen Fachdidaktikzentrums \u201eSprachen &amp; Kulturen\u201c in der Steiermark (2016 &#8211; 2018)<\/p>\n\n\n\n<p>Leiterin der <a href=\"https:\/\/doktoratsschule-fachdidaktik.uni-graz.at\/de\/\">Doktoratsschule Fachdidaktik der Universit\u00e4t Graz<\/a>&nbsp;(2012 &#8211; 2015)<\/p>\n\n\n\n<p>Stellvertretende Leiterin des Universit\u00e4tslehrgangs Deutsch als Fremd-\/Zweitsprache der Universit\u00e4t Graz (1998 &#8211; 2002)<\/p>\n\n\n\n<h4>Gastprofessuren<\/h4>\n\n\n\n<p>Gastprofessuren an der Facultad de Lenguas Extranjeras Universidad de La Habana (2019, 2020)<\/p>\n\n\n\n<p>Gastprofessur an der Philologischen Fakult\u00e4t II der Humboldt-Universit\u00e4t zu Berlin (2016)<\/p>\n\n\n\n<p>Gastprofessur am CELE-UNAM\/Departamento de Alem\u00e1n und an der Facultad de Estudios Profesionales Acatl\u00e1n an der UNAM\/Abteilung Deutsch als Fremdsprache in Mexiko-Stadt (2008 &#8211; 2009)<\/p>\n","protected":false},"excerpt":{"rendered":"<p>Universit\u00e4tsprofessorin f\u00fcr Deutsch als Zweitsprache und Sprachdidaktik an der Universit\u00e4t Graz (seit 2014) Au\u00dferordentliche Professorin f\u00fcr Sprachlehrforschung und Deutsch als Fremd-\/Zweitsprache an der Universit\u00e4t Graz (2007 &#8211; 2013) Habilitation und Lehrbefugnis f\u00fcr \u201eSprachlehrforschung und Deutsch als Fremdsprache\u201c (2007) der Universit\u00e4t Graz (Habilitationsschrift: \u201eTextkompetenz und Lernen in der Zweitsprache. Grundlagen und Verfahren der Literalen Didaktik\u201c) Charlotte-B\u00fchler-Habilitationsstipendium [&hellip;]<\/p>\n","protected":false},"author":1,"featured_media":0,"parent":0,"menu_order":0,"comment_status":"closed","ping_status":"closed","template":"page-full-width.php","meta":[],"_links":{"self":[{"href":"http:\/\/sabineschmoelzer.at\/index.php?rest_route=\/wp\/v2\/pages\/38"}],"collection":[{"href":"http:\/\/sabineschmoelzer.at\/index.php?rest_route=\/wp\/v2\/pages"}],"about":[{"href":"http:\/\/sabineschmoelzer.at\/index.php?rest_route=\/wp\/v2\/types\/page"}],"author":[{"embeddable":true,"href":"http:\/\/sabineschmoelzer.at\/index.php?rest_route=\/wp\/v2\/users\/1"}],"replies":[{"embeddable":true,"href":"http:\/\/sabineschmoelzer.at\/index.php?rest_route=%2Fwp%2Fv2%2Fcomments&post=38"}],"version-history":[{"count":28,"href":"http:\/\/sabineschmoelzer.at\/index.php?rest_route=\/wp\/v2\/pages\/38\/revisions"}],"predecessor-version":[{"id":371,"href":"http:\/\/sabineschmoelzer.at\/index.php?rest_route=\/wp\/v2\/pages\/38\/revisions\/371"}],"wp:attachment":[{"href":"http:\/\/sabineschmoelzer.at\/index.php?rest_route=%2Fwp%2Fv2%2Fmedia&parent=38"}],"curies":[{"name":"wp","href":"https:\/\/api.w.org\/{rel}","templated":true}]}}