{"id":68,"date":"2020-07-12T21:28:09","date_gmt":"2020-07-12T21:28:09","guid":{"rendered":"http:\/\/sabine.lisaschmoelzer.at\/?page_id=68"},"modified":"2023-08-28T10:03:09","modified_gmt":"2023-08-28T10:03:09","slug":"lehre","status":"publish","type":"page","link":"http:\/\/sabineschmoelzer.at\/?page_id=68","title":{"rendered":"Lehre"},"content":{"rendered":"\n<h2>Lehrgebiete<\/h2>\n\n\n\n<p>&#8211; Deutsch als Fremd- und Zweitsprache im Kontext von Mehrsprachigkeit und Migration<br>&#8211; Sprachliche Bildung und Mehrsprachigkeit im Unterricht aller F\u00e4cher <br>&#8211; Entwicklung und F\u00f6rderung von Sprach- und Textkompetenz in der Erst-, Zweit- und Fremdsprache Deutsch <br>&#8211; Entwicklung und F\u00f6rderung von Schreibf\u00e4higkeiten im Schulalter<br>&#8211; Literalit\u00e4t und schriftsprachliches Handeln in der Schule<\/p>\n\n\n\n<h2>Universit\u00e4re Lehre<\/h2>\n\n\n\n<p>Lehre an der Universit\u00e4t Graz: siehe <a href=\"https:\/\/online.uni-graz.at\/kfu_online\/wblvangebot.wbshowlvoffer?ppersonnr=57315\">aktuelles Lehrangebot<\/a><\/p>\n\n\n\n<p>Gastprofessuren und externe Lehrauftr\u00e4ge: u.a. an den Universit\u00e4ten Wien, Modena, Lancaster, Bristol, Berlin, Mexiko-Stadt und Havanna<\/p>\n","protected":false},"excerpt":{"rendered":"<p>Lehrgebiete &#8211; Deutsch als Fremd- und Zweitsprache im Kontext von Mehrsprachigkeit und Migration&#8211; Sprachliche Bildung und Mehrsprachigkeit im Unterricht aller F\u00e4cher &#8211; Entwicklung und F\u00f6rderung von Sprach- und Textkompetenz in der Erst-, Zweit- und Fremdsprache Deutsch &#8211; Entwicklung und F\u00f6rderung von Schreibf\u00e4higkeiten im Schulalter&#8211; Literalit\u00e4t und schriftsprachliches Handeln in der Schule Universit\u00e4re Lehre Lehre an [&hellip;]<\/p>\n","protected":false},"author":1,"featured_media":0,"parent":0,"menu_order":0,"comment_status":"closed","ping_status":"closed","template":"page-full-width.php","meta":[],"_links":{"self":[{"href":"http:\/\/sabineschmoelzer.at\/index.php?rest_route=\/wp\/v2\/pages\/68"}],"collection":[{"href":"http:\/\/sabineschmoelzer.at\/index.php?rest_route=\/wp\/v2\/pages"}],"about":[{"href":"http:\/\/sabineschmoelzer.at\/index.php?rest_route=\/wp\/v2\/types\/page"}],"author":[{"embeddable":true,"href":"http:\/\/sabineschmoelzer.at\/index.php?rest_route=\/wp\/v2\/users\/1"}],"replies":[{"embeddable":true,"href":"http:\/\/sabineschmoelzer.at\/index.php?rest_route=%2Fwp%2Fv2%2Fcomments&post=68"}],"version-history":[{"count":10,"href":"http:\/\/sabineschmoelzer.at\/index.php?rest_route=\/wp\/v2\/pages\/68\/revisions"}],"predecessor-version":[{"id":340,"href":"http:\/\/sabineschmoelzer.at\/index.php?rest_route=\/wp\/v2\/pages\/68\/revisions\/340"}],"wp:attachment":[{"href":"http:\/\/sabineschmoelzer.at\/index.php?rest_route=%2Fwp%2Fv2%2Fmedia&parent=68"}],"curies":[{"name":"wp","href":"https:\/\/api.w.org\/{rel}","templated":true}]}}